{"id":46,"date":"2024-09-21T22:33:46","date_gmt":"2024-09-21T22:33:46","guid":{"rendered":"https:\/\/www.dittcrm.se\/?page_id=46"},"modified":"2024-09-21T23:05:27","modified_gmt":"2024-09-21T23:05:27","slug":"om","status":"publish","type":"page","link":"https:\/\/www.dittcrm.se\/index.php\/om\/","title":{"rendered":"Om"},"content":{"rendered":"\n<p>DittCRM anv\u00e4nder SuiteCRM som bas f\u00f6r v\u00e5ra CRM installationer.<\/p>\n\n\n\n<p>Det \u00e4r baserat p\u00e5 SugarCRM och \u00e4r \u00f6ppen k\u00e4llkod.<\/p>\n\n\n\n<p><\/p>\n","protected":false},"excerpt":{"rendered":"<p>DittCRM anv\u00e4nder SuiteCRM som bas f\u00f6r v\u00e5ra CRM installationer. Det \u00e4r baserat p\u00e5 SugarCRM och \u00e4r \u00f6ppen k\u00e4llkod.<\/p>\n","protected":false},"author":1,"featured_media":0,"parent":0,"menu_order":0,"comment_status":"closed","ping_status":"closed","template":"","meta":{"footnotes":""},"class_list":["post-46","page","type-page","status-publish","hentry"],"_links":{"self":[{"href":"https:\/\/www.dittcrm.se\/index.php\/wp-json\/wp\/v2\/pages\/46","targetHints":{"allow":["GET"]}}],"collection":[{"href":"https:\/\/www.dittcrm.se\/index.php\/wp-json\/wp\/v2\/pages"}],"about":[{"href":"https:\/\/www.dittcrm.se\/index.php\/wp-json\/wp\/v2\/types\/page"}],"author":[{"embeddable":true,"href":"https:\/\/www.dittcrm.se\/index.php\/wp-json\/wp\/v2\/users\/1"}],"replies":[{"embeddable":true,"href":"https:\/\/www.dittcrm.se\/index.php\/wp-json\/wp\/v2\/comments?post=46"}],"version-history":[{"count":4,"href":"https:\/\/www.dittcrm.se\/index.php\/wp-json\/wp\/v2\/pages\/46\/revisions"}],"predecessor-version":[{"id":55,"href":"https:\/\/www.dittcrm.se\/index.php\/wp-json\/wp\/v2\/pages\/46\/revisions\/55"}],"wp:attachment":[{"href":"https:\/\/www.dittcrm.se\/index.php\/wp-json\/wp\/v2\/media?parent=46"}],"curies":[{"name":"wp","href":"https:\/\/api.w.org\/{rel}","templated":true}]}}